{"id":188,"date":"2016-11-17T14:36:28","date_gmt":"2016-11-17T13:36:28","guid":{"rendered":"https:\/\/brings-online.com\/demo\/wp-theme-jura\/?page_id=188"},"modified":"2026-02-25T16:36:37","modified_gmt":"2026-02-25T15:36:37","slug":"start-beispiel-5","status":"publish","type":"page","link":"https:\/\/bitburger-anwaltskanzlei.de\/","title":{"rendered":"Start"},"content":{"rendered":"\n<h2 class=\"wp-block-heading has-huge-font-size\">Willkommen bei der Bitburger Anwaltskanzlei<\/h2>\n\n\n\n<hr class=\"wp-block-separator has-css-opacity\"\/>\n\n\n\n<div class=\"wp-block-group has-black-color has-white-background-color has-text-color has-background\" style=\"font-size:0px\"><div class=\"wp-block-group__inner-container is-layout-constrained wp-block-group-is-layout-constrained\"><\/div><\/div>\n\n\n<div class=\"wp-block-image is-style-rounded\">\n<figure class=\"aligncenter size-medium is-resized\"><img loading=\"lazy\" decoding=\"async\" src=\"https:\/\/bitburger-anwaltskanzlei.de\/wp-content\/uploads\/2023\/01\/20220915_075549-300x300.jpg\" alt=\"\" class=\"wp-image-1080\" width=\"225\" height=\"225\" srcset=\"https:\/\/bitburger-anwaltskanzlei.de\/wp-content\/uploads\/2023\/01\/20220915_075549-300x300.jpg 300w, https:\/\/bitburger-anwaltskanzlei.de\/wp-content\/uploads\/2023\/01\/20220915_075549-1024x1024.jpg 1024w, https:\/\/bitburger-anwaltskanzlei.de\/wp-content\/uploads\/2023\/01\/20220915_075549-150x150.jpg 150w, https:\/\/bitburger-anwaltskanzlei.de\/wp-content\/uploads\/2023\/01\/20220915_075549-768x768.jpg 768w, https:\/\/bitburger-anwaltskanzlei.de\/wp-content\/uploads\/2023\/01\/20220915_075549-1536x1536.jpg 1536w, https:\/\/bitburger-anwaltskanzlei.de\/wp-content\/uploads\/2023\/01\/20220915_075549-2048x2048.jpg 2048w, https:\/\/bitburger-anwaltskanzlei.de\/wp-content\/uploads\/2023\/01\/20220915_075549-235x235.jpg 235w\" sizes=\"(max-width: 225px) 100vw, 225px\" \/><\/figure><\/div>\n\n\n\n\n\n<div class=\"wp-block-group\"><div class=\"wp-block-group__inner-container is-layout-flow wp-block-group-is-layout-flow\">\n<p class=\"has-normal-font-size\">Wir vertreten Ihre rechtlichen Interessen au\u00dfergerichtlich und\/oder gerichtlich mit der notwendigen Konsequenz. <\/p>\n\n\n\n<p class=\"has-normal-font-size\">Mit Sachverstand und Fachkompetenz stehen unsere Anw\u00e4lte zur Verf\u00fcgung und werden gemeinsam mit Ihnen unter Ber\u00fccksichtigung Ihrer Interessen eine L\u00f6sung finden, um Ihr Rechtsproblem z\u00fcgig und zufriedenstellend zu l\u00f6sen. Eine vertrauensvolle und gute Zusammenarbeit mit der Mandantschaft ist uns sehr wichtig.<\/p>\n\n\n\n<p class=\"has-normal-font-size\">Wir freuen uns, Sie kennenzulernen und Ihnen bei Rechtsproblemen behilflich zu sein.<\/p>\n\n\n\n<hr class=\"wp-block-separator has-css-opacity\"\/>\n\n\n\n<hr class=\"wp-block-separator has-css-opacity\"\/>\n\n\n\n<blockquote class=\"wp-block-quote is-style-default is-layout-flow wp-block-quote-is-layout-flow\">\n<p>Wenn du im Recht bist, kannst du dir leisten, die Ruhe zu bewahren; und wenn du im Unrecht bist, kannst du dir nicht leisten, sie zu verlieren.<\/p>\n<cite>-Mahatma Gandhi-<\/cite><\/blockquote>\n<\/div><\/div>\n\n\n\n<hr class=\"wp-block-separator has-css-opacity\"\/>\n\n\n\n<div class=\"wp-block-group\"><div class=\"wp-block-group__inner-container is-layout-flow wp-block-group-is-layout-flow\">\n<div class=\"wp-block-columns are-vertically-aligned-center is-layout-flex wp-container-core-columns-is-layout-1 wp-block-columns-is-layout-flex\"><\/div>\n<\/div><\/div>\n","protected":false},"excerpt":{"rendered":"<p>Willkommen bei der Bitburger Anwaltskanzlei Wir vertreten Ihre rechtlichen Interessen au\u00dfergerichtlich und\/oder gerichtlich mit der notwendigen Konsequenz. Mit [ &#8230; ]<\/p>\n","protected":false},"author":3,"featured_media":0,"parent":0,"menu_order":0,"comment_status":"closed","ping_status":"closed","template":"homepage.php","meta":{"footnotes":""},"_links":{"self":[{"href":"https:\/\/bitburger-anwaltskanzlei.de\/index.php?rest_route=\/wp\/v2\/pages\/188"}],"collection":[{"href":"https:\/\/bitburger-anwaltskanzlei.de\/index.php?rest_route=\/wp\/v2\/pages"}],"about":[{"href":"https:\/\/bitburger-anwaltskanzlei.de\/index.php?rest_route=\/wp\/v2\/types\/page"}],"author":[{"embeddable":true,"href":"https:\/\/bitburger-anwaltskanzlei.de\/index.php?rest_route=\/wp\/v2\/users\/3"}],"replies":[{"embeddable":true,"href":"https:\/\/bitburger-anwaltskanzlei.de\/index.php?rest_route=%2Fwp%2Fv2%2Fcomments&post=188"}],"version-history":[{"count":42,"href":"https:\/\/bitburger-anwaltskanzlei.de\/index.php?rest_route=\/wp\/v2\/pages\/188\/revisions"}],"predecessor-version":[{"id":1200,"href":"https:\/\/bitburger-anwaltskanzlei.de\/index.php?rest_route=\/wp\/v2\/pages\/188\/revisions\/1200"}],"wp:attachment":[{"href":"https:\/\/bitburger-anwaltskanzlei.de\/index.php?rest_route=%2Fwp%2Fv2%2Fmedia&parent=188"}],"curies":[{"name":"wp","href":"https:\/\/api.w.org\/{rel}","templated":true}]}}