{"id":117,"date":"2016-11-13T15:37:12","date_gmt":"2016-11-13T14:37:12","guid":{"rendered":"https:\/\/brings-online.com\/demo\/wp-theme-jura\/?page_id=117"},"modified":"2024-11-14T18:19:30","modified_gmt":"2024-11-14T17:19:30","slug":"impressum","status":"publish","type":"page","link":"https:\/\/bitburger-anwaltskanzlei.de\/?page_id=117","title":{"rendered":"Impressum"},"content":{"rendered":"<p><strong>Bitburger Anwaltskanzlei<\/strong><br \/><strong>Theisges &amp; Kollegen<\/strong><br \/>Westpark 2<br \/>54634 Bitburg<br \/>Tel.: 06561 \/ 69 37 1- 0<br \/>Fax.: 06561 \/ 69 37 1- 200<\/p>\n<p>E-Mail: info@bitburger-anwaltskanzlei.de<br \/>Internet: www.bitburger-anwaltskanzlei.de<br \/>Umsatzsteuer-Identifikationsnummer: DE266490365<\/p>\n<p><strong>Aufsichtsbeh\u00f6rde \/ Kammer:<\/strong><br \/>Rechtsanwaltskammer Koblenz<br \/>Rheinstra\u00dfe 24<br \/>56068 Koblenz<br \/>Tel.: 0261 \/ 3033 5-0<br \/>Fax.: 0261 \/ 3033 5-22<br \/>E-Mail: info@rakko.de<br \/>Internet: www.rakko.de<\/p>\n<p><strong>Berufsbezeichnung<\/strong><br \/>Karl-Josef Theisges<br \/>Rechtsanwalt<\/p>\n<p>Leon Bretz<br \/>Rechtsanwalt<\/p> \n<p>Gottfried Bretz<br \/>Rechtsanwalt<br \/>Fachanwalt f\u00fcr Sozialrecht<\/p>\n<p>Martina Huppertz<br \/>Rechtsanw\u00e4ltin -Freie Mitarbeiterin-<\/p> \n<p>Die Rechtsanw\u00e4lte sind nach dem Recht der Bundesrepublik Deutschland zugelassene Mitglieder der Rechtsanwaltskammer f\u00fcr den Oberlandesgerichtsbezirk Koblenz.<br \/>Die Rechtsanw\u00e4lte Karl-Josef Theisges, Leon Bretz, Gottfried Bretz und Martina Huppertz sind bei der Allianz Versicherungs-AG berufshaftpflichtversichert.<\/p>\n<p>Berufsrechtliche Regelungen<br \/>\u25ab Bundesrechtsanwaltsordnung (BRAO)<br \/>\u25ab Berufsordnung f\u00fcr Rechtsanw\u00e4lte (BORA)<br \/>\u25ab Fachanwaltsordnung (FAO)<br \/>\u25ab Berufsregeln der Rechtsanw\u00e4lte der Europ\u00e4ischen Gemeinschaft (CCBE-Berufsregeln)<br \/>\u25ab Berufsrechtliche Erg\u00e4nzungen zum Geldw\u00e4schebek\u00e4mpfungsgesetz (GwG)<br \/>\u25ab Rechtsanwaltsverg\u00fctungsgesetz (RVG)<br \/>\u25ab Gesetz \u00fcber die T\u00e4tigkeit europ\u00e4ischer Rechtsanw\u00e4lte in Deutschland (EuRAG)<br \/>\u25ab Verordnung \u00fcber die Rechtsanwaltsverzeichnisse und die besonderen elektronischen Anwaltspostf\u00e4cher<\/p>\n<p>Die vollst\u00e4ndigen Vorschriften finden Sie auf folgender Webseite in der jeweils geltenden Fassung: <a href=\"https:\/\/brak.de\/fuer-anwaelte\/berufsrecht\">https:\/\/brak.de\/fuer-anwaelte\/berufsrecht<\/a><\/p>\n<p><strong>Streitschlichtung<\/strong><\/p>\n<p>Bei Streitigkeiten zwischen Ihnen und Ihrem Rechtsanwalt besteht die M\u00f6glichkeit der Streitschlichtung bei der Schlichtungsstelle der Rechtsanwaltschaft. N\u00e4here Information k\u00f6nnen Sie folgendem Link entnehmen: <a href=\"https:\/\/www.schlichtungsstelle-der-rechtsanwaltschaft.de\/\">https:\/\/www.schlichtungsstelle-der-rechtsanwaltschaft.de\/<\/a><\/p>\n<p>Ferner stellt die Europ\u00e4ische Kommission eine Plattform zur Online-Streitbeilegung (OS) bereit: <a href=\"http:\/\/ec.europa.eu\/consumers\/odr\/\">https:\/\/ec.europa.eu\/Consumers\/odr<\/a><\/p>\n<p>Wir sind zur Teilnahme an einem Streitbeilegungsverfahren vor einer Schlichtungsstelle bereit.<\/p>\n<p><strong>Haftung f\u00fcr Inhalte<\/strong><\/p>\n<p>Die Inhalte auf dieser Website wurden mit gr\u00f6\u00dfter Sorgfalt erstellt. F\u00fcr die Richtigkeit, Vollst\u00e4ndigkeit und Aktualit\u00e4t der Inhalte k\u00f6nnen wir jedoch keine Gew\u00e4hr \u00fcbernehmen.<br \/>Als Dienstanbieter sind wir gem\u00e4\u00df \u00a7 7 Abs. 1 TMG f\u00fcr eigene Inhalte auf diesen Seiten nach den allgemeinen Gesetzen verantwortlich. Nach \u00a7\u00a7 8 bis 10 TMG sind wir als Dienstanbieter jedoch nicht verpflichtet, \u00fcbermittelte oder gespeicherte fremde Informationen zu \u00fcberwachen oder nach Umst\u00e4nden zu forschen, die auf eine rechtswidrige T\u00e4tigkeit hinweisen.<\/p>\n<p>Verpflichtungen zur Entfernung oder Sperrung der Nutzung von Informationen nach den allgemeinen Gesetzen bleiben hiervon unber\u00fchrt. Eine diesbez\u00fcgliche Haftung ist jedoch erst ab dem Zeitpunkt der Kenntnis einer konkreten Rechtsverletzung m\u00f6glich. Bei Bekanntwerden von entsprechenden Rechtsverletzungen werden wir diese Inhalte umgehend entfernen.<\/p>\n<p><strong>Haftung f\u00fcr Links<\/strong><\/p>\n<p>Dieses Angebot enth\u00e4lt Links zu externen Webseiten Dritter, auf deren Inhalte wir keinen Einfluss haben. Deshalb k\u00f6nnen wir f\u00fcr die fremden Inhalte auch keine Gew\u00e4hr \u00fcbernehmen. F\u00fcr die Inhalte der verlinkten Seiten ist stets der jeweilige Anbieter oder Betreiber der Seiten verantwortlich. Die verlinkten Seiten wurden zum Zeitpunkt der Verlinkung auf m\u00f6gliche Rechtsverst\u00f6\u00dfe \u00fcberpr\u00fcft. Rechtswidrige Inhalte waren zum Zeitpunkt der Verlinkung nicht erkennbar. Eine permanente inhaltliche Kontrolle der verlinkten Seiten ist jedoch ohne konkrete Anhaltspunkte einer Rechtsverletzung nicht zumutbar. Bei Bekanntwerden von Rechtsverletzungen werden wir derartige Links umgehend entfernen.<\/p>\n\n\n<p><\/p>\n","protected":false},"excerpt":{"rendered":"<p>Bitburger AnwaltskanzleiTheisges &amp; KollegenWestpark 254634 BitburgTel.: 06561 \/ 69 37 1- 0Fax.: 06561 \/ 69 37 1- 200 [ &#8230; ]<\/p>\n","protected":false},"author":3,"featured_media":0,"parent":0,"menu_order":0,"comment_status":"closed","ping_status":"closed","template":"","meta":{"footnotes":""},"_links":{"self":[{"href":"https:\/\/bitburger-anwaltskanzlei.de\/index.php?rest_route=\/wp\/v2\/pages\/117"}],"collection":[{"href":"https:\/\/bitburger-anwaltskanzlei.de\/index.php?rest_route=\/wp\/v2\/pages"}],"about":[{"href":"https:\/\/bitburger-anwaltskanzlei.de\/index.php?rest_route=\/wp\/v2\/types\/page"}],"author":[{"embeddable":true,"href":"https:\/\/bitburger-anwaltskanzlei.de\/index.php?rest_route=\/wp\/v2\/users\/3"}],"replies":[{"embeddable":true,"href":"https:\/\/bitburger-anwaltskanzlei.de\/index.php?rest_route=%2Fwp%2Fv2%2Fcomments&post=117"}],"version-history":[{"count":8,"href":"https:\/\/bitburger-anwaltskanzlei.de\/index.php?rest_route=\/wp\/v2\/pages\/117\/revisions"}],"predecessor-version":[{"id":1190,"href":"https:\/\/bitburger-anwaltskanzlei.de\/index.php?rest_route=\/wp\/v2\/pages\/117\/revisions\/1190"}],"wp:attachment":[{"href":"https:\/\/bitburger-anwaltskanzlei.de\/index.php?rest_route=%2Fwp%2Fv2%2Fmedia&parent=117"}],"curies":[{"name":"wp","href":"https:\/\/api.w.org\/{rel}","templated":true}]}}