{"id":1138,"date":"2024-03-07T09:21:10","date_gmt":"2024-03-07T08:21:10","guid":{"rendered":"https:\/\/bitburger-anwaltskanzlei.de\/?page_id=1138"},"modified":"2024-03-07T09:21:10","modified_gmt":"2024-03-07T08:21:10","slug":"kosteninformationen","status":"publish","type":"page","link":"https:\/\/bitburger-anwaltskanzlei.de\/?page_id=1138","title":{"rendered":"Kosteninformationen"},"content":{"rendered":"\n<blockquote class=\"wp-block-quote has-text-align-center is-layout-flow wp-block-quote-is-layout-flow\">\n<p style=\"font-size:15px\">Guter Rat ist teuer, schlechter Rat kann teuer zu stehen kommen!<\/p>\n<cite>Gerhard Uhlenbruck<\/cite><\/blockquote>\n\n\n\n<p>Es lohnt sich, f\u00fcr einen Anwalt Geld auszugeben. Sofern sich durch einen anwaltlichen Rat ein aussichtsloser langwieriger Prozess vermeiden l\u00e4sst, liegt der Vorteil auf der Hand. Wird ein Prozess mit anwaltlicher Hilfe gewonnen, werden (in der Regel) der gegnerischen Partei die Kosten auferlegt. Auch wer einen wichtigen Vertrag schlie\u00dfen will, sollte sich nicht scheuen, vor Unterzeichnung einen Blick darauf werfen zu lassen. Dies spart unter Umst\u00e4nden Kosten und \u00c4rger und gibt Sicherheit.<\/p>\n\n\n\n<hr class=\"wp-block-separator has-alpha-channel-opacity\"\/>\n\n\n\n<p class=\"has-text-align-center has-medium-font-size\"><strong>Allgemeines<\/strong><\/p>\n\n\n\n<p>Die Verg\u00fctung eines Rechtsanwalts bzw. deren H\u00f6he ist \u2013 wie fast alles in Deutschland \u2013 im Gesetz geregelt (Rechtsanwaltsverg\u00fctungsgesetz \u2013 RVG). In gewissen Fallkonstellationen k\u00f6nnen jedoch auch Geb\u00fchrenvereinbarungen getroffen werden.<\/p>\n\n\n\n<p>Grundlage der Geb\u00fchren ist meistens der Streitwert eines Verfahrens (auch Gegenstandswert genannt). Wenn es beispielsweise in einem Fall um einen bestimmten Geldbetrag geht, dann entspricht der Streitwert diesem Betrag. Er ist quasi der finanzielle Gegenwert des Rechtsstreits. Der Streitwert bildet unter Umst\u00e4nden aber nicht nur die Berechnungsgrundlage f\u00fcr die Anwaltskosten, sondern die eines gesamten Prozesses, hat also auch Auswirkungen auf entstehende Gerichtskosten.<\/p>\n\n\n\n<p><strong>Wichtige Fakten<\/strong><\/p>\n\n\n\n<ul>\n<li>Abh\u00e4ngig davon, ob Sie au\u00dfergerichtlich oder gerichtlich vertreten werden, k\u00f6nnen unterschiedliche Geb\u00fchren anfallen.<\/li>\n\n\n\n<li>F\u00fcr eine Erst- oder Mehrfachberatung gelten gesonderte Bestimmungen.<\/li>\n\n\n\n<li>Die Anforderung von Vorsch\u00fcssen ist zul\u00e4ssig. Dies ist sowohl f\u00fcr bereits entstandene als auch f\u00fcr voraussichtlich entstehende Geb\u00fchren m\u00f6glich.<\/li>\n\n\n\n<li>Auch wenn Sie den Rechtsstreit gewinnen, sind die angefallenen Rechtsanwaltskosten vorerst von Ihnen zu begleichen. Im Rahmen eines an den Rechtsstreit angeschlossenen sogenannten Kostenfestsetzungsverfahrens werden die Kosten in ihrer H\u00f6he festgesetzt und anschlie\u00dfend bei der Gegenpartei geltend gemacht.<\/li>\n<\/ul>\n\n\n\n<hr class=\"wp-block-separator has-alpha-channel-opacity\"\/>\n\n\n\n<p class=\"has-text-align-center has-medium-font-size\"><strong>Rechtsschutzversicherung<\/strong><\/p>\n\n\n\n<p>Die Entscheidung, ob man einen Rechtsanwalt zu Rate zieht oder beauftragt, h\u00e4ngt oftmals von der \u00dcbernahme der Kosten ab. Eine gro\u00dfe Hilfe f\u00fcr die finanzielle Unterst\u00fctzung stellt die Rechtsschutzversicherung dar.<\/p>\n\n\n\n<p>Sollten Sie \u00fcber eine entsprechende Rechtsschutzversicherung verf\u00fcgen, bieten wir Ihnen als Serviceleistung eine kostenlose Deckungsanfrage an. Hierzu ben\u00f6tigen wir folgende Angaben:<\/p>\n\n\n\n<ol>\n<li>Name der Versicherungsgesellschaft, bei der die Rechtsschutzversicherung abgeschlossen wurde<\/li>\n\n\n\n<li>Versicherungsscheinnummer<\/li>\n\n\n\n<li>Name des Versicherungsnehmers, sofern abweichend vom Name des Mandanten<\/li>\n<\/ol>\n\n\n\n<p>Sofern Sie keine Rechtsschutzversicherung haben, ist der Abschluss einer solchen ggf. sinnvoll, wobei man die Leistungen verschiedener Versicherer vergleichen und f\u00fcr den pers\u00f6nlichen Einzelfall pr\u00fcfen sollte, welcher Lebensbereich abgesichert werden soll.<\/p>\n\n\n\n<p><strong>Wichtig: <\/strong>Auch bei Rechtsschutzversicherungen gilt die freie Anwaltswahl. Wurde Ihnen von der Versicherung ein Rechtsanwalt empfohlen, sind Sie keinesfalls daran gebunden.<\/p>\n\n\n\n<p>Der Abschluss einer Rechtsschutzversicherung bedeutet jedoch leider nicht immer, dass die anwaltliche T\u00e4tigkeit abgedeckt ist. Beispielsweise tritt in einigen abgaben- und sozialrechtlichen F\u00e4llen der Rechtsschutz erst im Stadium gerichtlicher Auseinandersetzungen ein, nicht jedoch f\u00fcr die au\u00dfergerichtliche T\u00e4tigkeit oder Beratungen. In solchen Situationen ist zu \u00fcberlegen, ob nicht die Beantragung von Beratungshilfe f\u00fcr Sie in Betracht kommt.<\/p>\n\n\n\n<hr class=\"wp-block-separator has-alpha-channel-opacity\"\/>\n\n\n\n<p class=\"has-text-align-center has-medium-font-size\"><strong>Erstberatung<\/strong><\/p>\n\n\n\n<p>Auf vielen Internetseiten wird mit kostenlosen Erstberatungen geworben. Allerdings m\u00fcssen wir ausdr\u00fccklich darauf hinweisen, dass eine anwaltliche Erstberatung in der Regel <strong>nicht gratis<\/strong> erfolgen kann.<\/p>\n\n\n\n<p>Die Kosten einer Erstberatung f\u00fcr Verbraucher laufen sich auf bis zu 190 Euro zzgl. 19 % Mehrwertsteuer.<br>Eine Mehrfachberatung liegt bei 250 Euro zzgl. 19 % Mehrwertsteuer. Allerdings k\u00f6nnen auch Abweichungen vorliegen, sofern beispielsweise etwas anderes vereinbart wird.<br>Bei Beauftragung einer Beratung durch Unternehmer sind wir berechtigt, eine Gesch\u00e4ftsgeb\u00fchr nach dem RVG abzurechnen.<\/p>\n\n\n\n<hr class=\"wp-block-separator has-alpha-channel-opacity\"\/>\n\n\n\n<p class=\"has-text-align-center has-medium-font-size\"><strong>Beratungshilfe<\/strong><\/p>\n\n\n\n<p>F\u00fcr Personen mit geringem Einkommen und ohne Verm\u00f6gen besteht die M\u00f6glichkeit, f\u00fcr eine anwaltliche Beratung und\/oder au\u00dfergerichtliche Vertretung Beratungshilfe in Anspruch zu nehmen.<\/p>\n\n\n\n<p>Der Antrag ist selbst bei der Rechtsantragsstelle beim f\u00fcr Sie zust\u00e4ndigen Amtsgericht einzureichen. Das Antragsformular erhalten Sie beim Amtsgericht, im Internet unter <a rel=\"noreferrer noopener\" href=\"https:\/\/www.bmj.de\/DE\/service\/formulare\/form_beratungshilfe\/form_beratungshilfe_node.html\" data-type=\"URL\" data-id=\"https:\/\/www.bmj.de\/DE\/service\/formulare\/form_beratungshilfe\/form_beratungshilfe_node.html\" target=\"_blank\">https:\/\/www.bmj.de\/DE\/service\/formulare\/form_beratungshilfe\/form_beratungshilfe_node.html<\/a> oder steht Ihnen als Download auf unserer Homepage unter der Rubrik \u201eDownloads\u201c zur Verf\u00fcgung.<\/p>\n\n\n\n<p>Bitte reichen Sie den Antrag selbst bei der Rechtsantragsstelle beim Amtsgericht an Ihrem Wohnsitz ein. F\u00fcgen Sie Einkommensnachweise und Belege f\u00fcr die dort angegebenen Ausgaben (z.B. Miete, Zahlungsverpflichtungen, etc.) in Kopie bei. Bei Bezug von laufenden Sozialleistungen wie B\u00fcrgergeld, Wohngeld, Grundsicherung oder andere Leistungen nach dem SGB XII ist die Beif\u00fcgung eines aktuellen Bescheides ausreichend.<br>Zudem ist es sinnvoll, vorab Unterlagen bzw. bereits vorliegenden Schriftverkehr, aufgrund dessen Sie Rechtsberatung ersuchen wollen, in Kopie beizuf\u00fcgen.<\/p>\n\n\n\n<p>Die weiteren Unterlagen sind sp\u00e4testens auf Anforderung des Gerichts einzureichen, andernfalls droht die Ablehnung des Antrages.<\/p>\n\n\n\n<p>Eine pers\u00f6nliche Beantragung von Beratungshilfe beschleunigt die Bearbeitung erheblich.<\/p>\n\n\n\n<p><strong>Bitte haben Sie Verst\u00e4ndnis daf\u00fcr, dass ein T\u00e4tigwerden durch uns erst ab Vorlage eines Berechtigungsscheins erfolgen kann. Bis dahin sind etwaige laufende Fristen von Ihnen selbst zu beachten!<\/strong><\/p>\n\n\n\n<p>Mit Vorlage eines Berechtigungsscheins erhalten Sie anwaltliche Beratung und\/oder au\u00dfergerichtliche Vertretung durch unsere Kanzlei f\u00fcr eine Beratungshilfegeb\u00fchr nach RVG VV 2500 in H\u00f6he von <strong>15,00 \u20ac brutto<\/strong>. <strong>Bitte bringen Sie diesen Betrag in bar zum ersten Beratungstermin mit.<\/strong><br><strong>Wichtig:<\/strong> Die Bewilligung von Beratungshilfe befreit Sie nicht von einer Kostenerstattungspflicht gegen\u00fcber der gegnerischen Partei bzw. deren Rechtsbeistand, z.B. aufgrund Verzugsgr\u00fcnden oder wegen Vertragspflichtverletzungen bzw. unerlaubter Handlung.<\/p>\n\n\n\n<hr class=\"wp-block-separator has-alpha-channel-opacity\"\/>\n\n\n\n<p class=\"has-text-align-center has-medium-font-size\"><strong>Prozess-\/Verfahrenskostenhilfe<\/strong><\/p>\n\n\n\n<p>F\u00fcr die Vertretung in einem gerichtlichen Verfahren muss gesondert ein Antrag auf Bewilligung von Prozess-\/Verfahrenskostenhilfe gestellt werden, da diese von einer zuvor bewilligten Beratungshilfe nicht umfasst sind.<\/p>\n\n\n\n<p>Dem Antrag ist eine Erkl\u00e4rung \u00fcber die pers\u00f6nlichen und wirtschaftlichen Verh\u00e4ltnisse beizuf\u00fcgen. Das entsprechende Formular erhalten Sie bei Gericht, im Internet unter <a href=\"https:\/\/www.bmj.de\/DE\/service\/formulare\/form_prozesskostenhilfe\/form_prozesskostenhilfe_node.html\" data-type=\"URL\" data-id=\"https:\/\/www.bmj.de\/DE\/service\/formulare\/form_prozesskostenhilfe\/form_prozesskostenhilfe_node.html\">https:\/\/www.bmj.de\/DE\/service\/formulare\/form_prozesskostenhilfe\/form_prozesskostenhilfe_node.html<\/a> oder steht Ihnen als Download auf unserer Homepage unter der Rubrik \u201eDownloads\u201c zur Verf\u00fcgung.<\/p>\n\n\n\n<p>Ebenfalls finden Sie dort das Hinweisblatt zum Formular f\u00fcr die Erkl\u00e4rung \u00fcber die pers\u00f6nlichen und wirtschaftlichen Verh\u00e4ltnisse bei Prozess- oder Verfahrenskostenhilfe, auf welches an dieser Stelle zur Vermeidung von Wiederholungen verwiesen wird.<\/p>\n\n\n\n<p>Die Prozesskostenhilfe deckt nur die Kosten Ihres Anwalts und die Gerichtskosten ab, nicht hingegen im Falle des Unterliegens die Kosten des gegnerischen Bevollm\u00e4chtigten.<\/p>\n\n\n\n<p>Eine Bewilligung der Hilfe kann mit oder ohne Anordnung von Ratenzahlungen erfolgen. Sofern entsprechende Raten angeordnet werden, haben Sie maximal 48 Monatsraten zu zahlen, wobei Sie von der jeweiligen Landeskasse weitere Nachricht und einen Ratenzahlungsplan nebst Bankverbindung erhalten.<\/p>\n\n\n\n<p>Zudem weisen wir darauf hin, dass die Bewilligung von Prozesskostenhilfe aufgehoben werden kann, \u201ewenn<\/p>\n\n\n\n<ol>\n<li>die Partei durch unrichtige Darstellung des Streitverh\u00e4ltnisses die f\u00fcr die Bewilligung der Prozesskostenhilfe ma\u00dfgebenden Voraussetzungen vorget\u00e4uscht hat;<\/li>\n\n\n\n<li>die Partei absichtlich oder aus grober Nachl\u00e4ssigkeit unrichtige Angaben \u00fcber die pers\u00f6nlichen oder wirtschaftlichen Verh\u00e4ltnisse gemacht oder eine Erkl\u00e4rung nach \u00a7 120a Abs. 1 S. 3 ZPO nicht oder ungen\u00fcgend abgegeben hat;<\/li>\n\n\n\n<li>die pers\u00f6nlichen oder wirtschaftlichen Voraussetzungen f\u00fcr die Prozesskostenhilfe nicht vorgelegen haben; in diesem Fall ist die Aufhebung ausgeschlossen, wenn seit der rechtskr\u00e4ftigen Entscheidung oder sonstigen Beendigung des Verfahrens vier Jahre vergangen sind;<\/li>\n\n\n\n<li>die Partei entgegen \u00a7 120a Abs. 2 S. 1 bis 3 ZPO dem Gericht wesentliche Verbesserungen ihrer Einkommens- und Verm\u00f6gensverh\u00e4ltnisse oder \u00c4nderungen ihrer Anschrift absichtlich oder aus grober Nachl\u00e4ssigkeit unrichtig oder nicht unverz\u00fcglich mitgeteilt hat;<\/li>\n\n\n\n<li>die Partei l\u00e4nger als drei Monate mit der Zahlung einer Monatsrate oder mit der Zahlung eines sonstigen Betrages im R\u00fcckstand ist.<\/li>\n<\/ol>\n\n\n\n<p>Das Gericht kann die Bewilligung der Prozesskostenhilfe aufheben, soweit die von der Partei beantragte Beweiserhebung auf Grund von Umst\u00e4nden, die im Zeitpunkt der Bewilligung der Prozesskostenhilfe noch nicht ber\u00fccksichtigt werden konnten, keine hinreichende Aussicht auf Erfolg bietet oder der Beweisantritt mutwillig erscheint.\u201c (s. \u00a7 127 ZPO)<\/p>\n\n\n\n<div class=\"wp-block-group\"><div class=\"wp-block-group__inner-container is-layout-constrained wp-block-group-is-layout-constrained\">\n<p><strong>Wichtiger Hinweis:<\/strong><\/p>\n\n\n\n<p>In der Folgezeit kann das Gericht innerhalb einer <strong>Frist von 4 Jahren<\/strong> ab Beendigung des Verfahrens eine <strong>\u00dcberpr\u00fcfung<\/strong> Ihrer Einkommens- und Verm\u00f6gensverh\u00e4ltnisse vornehmen. Es ist sodann erneute Auskunft \u00fcber die pers\u00f6nlichen und wirtschaftlichen Verh\u00e4ltnisse zu erteilen. Erfolgt die Erteilung dieser Auskunft nicht, m\u00fcssen Sie damit rechnen, dass Ihnen die Prozesskostenhilfe entzogen wird und Sie zur Zahlung s\u00e4mtlicher offenstehenden Anwalts- und Gerichtskosten herangezogen werden. In Ihrem eigenen Interesse wollen Sie insoweit den Anordnungen des Gerichts folgeleisten.<br><strong>Au\u00dferdem haben Sie ab Beendigung des Verfahrens <mark style=\"background-color:rgba(0, 0, 0, 0)\" class=\"has-inline-color has-vivid-red-color\">jede<\/mark> Adress- und\/oder Namens\u00e4nderung und <mark style=\"background-color:rgba(0, 0, 0, 0)\" class=\"has-inline-color has-vivid-red-color\">jede<\/mark> wesentliche Verbesserung Ihrer Einkommensverh\u00e4ltnisse dem Gericht unverz\u00fcglich mitzuteilen<\/strong>. Da insbesondere bei Verfahren mit Anwaltszwang Aufforderungen und Beschl\u00fcsse \u00fcber den Anwalt zugestellt werden, bitten wir Sie auch uns Mitteilung von Adress- und\/oder Namens\u00e4nderungen zu machen.<\/p>\n<\/div><\/div>\n\n\n\n<hr class=\"wp-block-separator has-alpha-channel-opacity\"\/>\n\n\n\n<p class=\"has-text-align-center has-medium-font-size\"><strong>Kostenhinweise bei strafrechtlichen Mandaten<\/strong><\/p>\n\n\n\n<p>Nicht jede strafrechtliche Angelegenheit ist von Rechtsschutzversicherungen abgedeckt. Bei Fahrl\u00e4ssigkeit und im Verkehrsstrafrecht werden Gerichts- und Anwaltskosten meist \u00fcbernommen.<\/p>\n\n\n\n<p>Grunds\u00e4tzlich wird Prozesskostenhilfe nicht in Strafsachen gew\u00e4hrt. Beschuldigte in einem Strafverfahren stehen daher vor der Frage, ob ein Fall sogenannter notwendiger Verteidigung vorliegt. Dann besteht die M\u00f6glichkeit, einen Pflichtverteidiger durch das Gericht bestellen zu lassen. Ob ein Pflichtverteidiger bestellt wird, hat nichts mit den wirtschaftlichen Verh\u00e4ltnissen des Angeklagten zu tun, sondern ausschlie\u00dflich mit Art und Schwere der vorgeworfenen Straftat.<\/p>\n\n\n\n<p>Von der Beratungshilfe ist die anwaltliche Beratung erfasst, die au\u00dferhalb oder vor einem gerichtlichen Prozess zwischen Mandant und Rechtsanwalt stattfindet.<\/p>\n\n\n\n<p>Wer Beschuldigter in einem Strafverfahren ist, erh\u00e4lt zwar unter Umst\u00e4nden einen sogenannten Beratungshilfe-Schein. Davon ist jedoch nur eine erste Information durch den Anwalt abgedeckt. Weitere Verteidiger-T\u00e4tigkeiten wie Akteneinsicht, rechtliche Stellungnahmen, Antr\u00e4ge auf Einstellung des Verfahrens usw. werden von der strafrechtlichen Beratungshilfe nicht erfasst.<\/p>\n\n\n\n<p>Erfolgt Ihre Verteidigung im Rahmen einer Pflichtverteidigung, werden die Kosten vorerst durch die Staatskasse verauslagt. Je nach Ausgang des Verfahrens gehen die Kosten dann zu Lasten der Staatskasse oder m\u00fcssen vom Beschuldigten getragen werden.<\/p>\n\n\n\n<hr class=\"wp-block-separator has-alpha-channel-opacity\"\/>\n\n\n\n<p class=\"has-text-align-center has-medium-font-size\"><strong>Kostenhinweise bei Zwangsvollstreckung<\/strong><\/p>\n\n\n\n<p>Die Kosten einer Zwangsvollstreckung fallen gem. \u00a7 788 ZPO grunds\u00e4tzlich dem Schuldner zur Last. Erfahrungsgem\u00e4\u00df k\u00f6nnen Verfahren im Rahmen der Zwangsvollstreckung allerdings langwierig sein. Deshalb m\u00fcssen Gl\u00e4ubiger in der Praxis die Kosten vorschie\u00dfen, die sp\u00e4ter beim Schuldner wieder eingetrieben werden.<\/p>\n\n\n\n<p>Zu den Ausgaben k\u00f6nnen folgende Punkte geh\u00f6ren:<\/p>\n\n\n\n<ul>\n<li>Ausgaben f\u00fcr den Gerichtsvollzieher<\/li>\n\n\n\n<li>Kosten f\u00fcr das Vollstreckungsgericht<\/li>\n\n\n\n<li>Au\u00dfergerichtliche Aufwendungen<\/li>\n\n\n\n<li>Anwaltskosten<\/li>\n\n\n\n<li>Betr\u00e4ge f\u00fcr Ausfertigung und Zustellung des Urteils<\/li>\n<\/ul>\n\n\n\n<p>Die Kosten werden in der Regel auch von der Rechtsschutzversicherung \u00fcbernommen. Allerdings ist je nach Versicherung zu beachten, dass oftmals nur drei bis f\u00fcnf Vollstreckungsversuche abgedeckt sind.<\/p>\n\n\n\n<hr class=\"wp-block-separator has-alpha-channel-opacity\"\/>\n\n\n\n<p class=\"has-text-align-center has-medium-font-size\"><strong>Kostenhinweise im Arbeitsrecht<\/strong><\/p>\n\n\n\n<p>Anders als in zivilrechtlichen Angelegenheit besteht im Arbeitsrecht kein Kostenerstattungsanspruch gegen\u00fcber der Gegenseite, auch im Falle des Obsiegens.<\/p>\n\n\n\n<hr class=\"wp-block-separator has-alpha-channel-opacity\"\/>\n\n\n\n<p>Weitere Informationen zum Thema Kosten erhalten Sie bei der Bundesrechtsanwaltskammer unter <a rel=\"noreferrer noopener\" href=\"https:\/\/www.brak.de\/service\/verbraucherinformationen\/was-kostet-das\/\" data-type=\"URL\" data-id=\"https:\/\/www.brak.de\/service\/verbraucherinformationen\/was-kostet-das\/\" target=\"_blank\">https:\/\/www.brak.de\/service\/verbraucherinformationen\/was-kostet-das\/<\/a>.<\/p>\n\n\n\n<!--more-->\n","protected":false},"excerpt":{"rendered":"<p>Guter Rat ist teuer, schlechter Rat kann teuer zu stehen kommen! Gerhard Uhlenbruck Es lohnt sich, f\u00fcr einen [ &#8230; ]<\/p>\n","protected":false},"author":4,"featured_media":0,"parent":0,"menu_order":0,"comment_status":"closed","ping_status":"closed","template":"","meta":{"footnotes":""},"_links":{"self":[{"href":"https:\/\/bitburger-anwaltskanzlei.de\/index.php?rest_route=\/wp\/v2\/pages\/1138"}],"collection":[{"href":"https:\/\/bitburger-anwaltskanzlei.de\/index.php?rest_route=\/wp\/v2\/pages"}],"about":[{"href":"https:\/\/bitburger-anwaltskanzlei.de\/index.php?rest_route=\/wp\/v2\/types\/page"}],"author":[{"embeddable":true,"href":"https:\/\/bitburger-anwaltskanzlei.de\/index.php?rest_route=\/wp\/v2\/users\/4"}],"replies":[{"embeddable":true,"href":"https:\/\/bitburger-anwaltskanzlei.de\/index.php?rest_route=%2Fwp%2Fv2%2Fcomments&post=1138"}],"version-history":[{"count":33,"href":"https:\/\/bitburger-anwaltskanzlei.de\/index.php?rest_route=\/wp\/v2\/pages\/1138\/revisions"}],"predecessor-version":[{"id":1171,"href":"https:\/\/bitburger-anwaltskanzlei.de\/index.php?rest_route=\/wp\/v2\/pages\/1138\/revisions\/1171"}],"wp:attachment":[{"href":"https:\/\/bitburger-anwaltskanzlei.de\/index.php?rest_route=%2Fwp%2Fv2%2Fmedia&parent=1138"}],"curies":[{"name":"wp","href":"https:\/\/api.w.org\/{rel}","templated":true}]}}