{"id":1037,"date":"2022-06-24T09:02:29","date_gmt":"2022-06-24T07:02:29","guid":{"rendered":"https:\/\/bitburger-anwaltskanzlei.de\/?page_id=1037"},"modified":"2022-06-29T13:37:45","modified_gmt":"2022-06-29T11:37:45","slug":"wissenswertes-2","status":"publish","type":"page","link":"https:\/\/bitburger-anwaltskanzlei.de\/?page_id=1037","title":{"rendered":"Wissenswertes&#8230;"},"content":{"rendered":"\n<p>Nahezu jeder Mensch wird im Alltag \u2013 meist unbewusst oder ungewollt &#8211; mit rechtlichen Problemen konfrontiert.<\/p>\n\n\n\n<p>Hier einige Beispiele:<\/p>\n\n\n\n<ul><li>Man f\u00e4hrt von A nach B. Pl\u00f6tzlich wird einem die Vorfahrt genommen und es kommt zur Kollision. Viele sind mit solch einer Situation \u00fcberfordert und wissen nicht sofort, was sie tun sollen.<\/li><\/ul>\n\n\n\n<ul><li>Man leert seinen Briefkasten und findet dort ein K\u00fcndigungsschreiben vom Arbeitgeber. Sicherlich ein Schock f\u00fcr jeden Arbeitnehmer. Was kann man dagegen tun?<\/li><\/ul>\n\n\n\n<ul><li>Der Urlaub ist gebucht. Endlich r\u00fcckt der Tag n\u00e4her. Man steht am Flughafen. Pl\u00f6tzlich erf\u00e4hrt man \u00fcber den Lautsprecher, dass der Flug Versp\u00e4tung hat oder gar annuliert wurde. Welche Rechte hat man?<\/li><\/ul>\n\n\n\n<ul><li>Ein neues Auto wird ben\u00f6tigt, ein Gebrauchtwagen muss her. Auf einer Internetplattform ist man auf interessante Angebot von Privatleuten gesto\u00dfen. Man trifft sich, um das Fahrzeug zu kaufen und schlie\u00dft einen Kaufvertrag ab \u201egekauft wie gesehen\u201c. Einige Tage sp\u00e4ter werden M\u00e4ngel entdeckt, auf die der Verk\u00e4ufer nicht hingewiesen hat. Und nun?<\/li><\/ul>\n\n\n\n<p>Manche dieser Fragen m\u00f6chten wir in unserer Rubrik \u201eWissenswertes\u201c grob beantworten und Ihnen nach M\u00f6glichkeit eine kleine Hilfestellung leisten.<\/p>\n\n\n\n<p>W\u00e4hlen Sie aus den nachfolgenden Rechtsgebieten aus, um N\u00e4heres zu erfahren.<\/p>\n\n\n\n<p>Bei weiteren R\u00fcckfragen k\u00f6nnen Sie gerne telefonisch oder per E-Mail Kontakt mit uns aufnehmen. Wir beraten Sie gerne!<\/p>\n","protected":false},"excerpt":{"rendered":"<p>Nahezu jeder Mensch wird im Alltag \u2013 meist unbewusst oder ungewollt &#8211; mit rechtlichen Problemen konfrontiert. Hier einige [ &#8230; ]<\/p>\n","protected":false},"author":4,"featured_media":0,"parent":0,"menu_order":0,"comment_status":"closed","ping_status":"closed","template":"","meta":{"footnotes":""},"_links":{"self":[{"href":"https:\/\/bitburger-anwaltskanzlei.de\/index.php?rest_route=\/wp\/v2\/pages\/1037"}],"collection":[{"href":"https:\/\/bitburger-anwaltskanzlei.de\/index.php?rest_route=\/wp\/v2\/pages"}],"about":[{"href":"https:\/\/bitburger-anwaltskanzlei.de\/index.php?rest_route=\/wp\/v2\/types\/page"}],"author":[{"embeddable":true,"href":"https:\/\/bitburger-anwaltskanzlei.de\/index.php?rest_route=\/wp\/v2\/users\/4"}],"replies":[{"embeddable":true,"href":"https:\/\/bitburger-anwaltskanzlei.de\/index.php?rest_route=%2Fwp%2Fv2%2Fcomments&post=1037"}],"version-history":[{"count":11,"href":"https:\/\/bitburger-anwaltskanzlei.de\/index.php?rest_route=\/wp\/v2\/pages\/1037\/revisions"}],"predecessor-version":[{"id":1050,"href":"https:\/\/bitburger-anwaltskanzlei.de\/index.php?rest_route=\/wp\/v2\/pages\/1037\/revisions\/1050"}],"wp:attachment":[{"href":"https:\/\/bitburger-anwaltskanzlei.de\/index.php?rest_route=%2Fwp%2Fv2%2Fmedia&parent=1037"}],"curies":[{"name":"wp","href":"https:\/\/api.w.org\/{rel}","templated":true}]}}